{"id":12,"date":"2014-06-13T18:39:32","date_gmt":"2014-06-13T16:39:32","guid":{"rendered":"http:\/\/www.i-f-b.org\/?page_id=12"},"modified":"2026-04-16T13:42:07","modified_gmt":"2026-04-16T11:42:07","slug":"leistungsangebot","status":"publish","type":"page","link":"https:\/\/www.i-f-b.org\/?page_id=12","title":{"rendered":"Team"},"content":{"rendered":"\n<p>Unser Team zeichnet sich durch vielf\u00e4ltige Kompetenzen aus unterschiedlichen Berufsfeldern aus: Ergotherapie, P\u00e4dagogik, Handwerk, Psychologie, Beratung, Betriebswirtschaft, Verwaltung, Personalentwicklung u.a. Unsere Arbeit ist von einer systemischen Grundhaltung gepr\u00e4gt. Als Fachkr\u00e4fte erg\u00e4nzen wir uns gegenseitig. Mit unserer langj\u00e4hrigen Erfahrung arbeiten wir effektiv und l\u00f6sungsorientiert.<\/p>\n\n\n\n<hr class=\"wp-block-separator has-alpha-channel-opacity\"\/>\n\n\n\n<blockquote class=\"wp-block-quote is-layout-flow wp-block-quote-is-layout-flow\">\n<p>Institutsleitung<\/p>\n<\/blockquote>\n\n\n\n<div class=\"frageantwort\">\n<figure><a href=\"https:\/\/www.i-f-b.org\/wp-content\/uploads\/2016\/09\/Yvonne-Jonen.jpg\"><img loading=\"lazy\" decoding=\"async\" class=\"alignnone wp-image-425 size-full\" src=\"https:\/\/www.i-f-b.org\/wp-content\/uploads\/2016\/09\/Yvonne-Jonen.jpg\" alt=\"\" width=\"325\" height=\"325\" srcset=\"https:\/\/www.i-f-b.org\/wp-content\/uploads\/2016\/09\/Yvonne-Jonen.jpg 324w, https:\/\/www.i-f-b.org\/wp-content\/uploads\/2016\/09\/Yvonne-Jonen-150x150.jpg 150w, https:\/\/www.i-f-b.org\/wp-content\/uploads\/2016\/09\/Yvonne-Jonen-300x300.jpg 300w\" sizes=\"auto, (max-width: 325px) 100vw, 325px\" \/><\/a><\/figure><div class=\"frage\"><\/div>\n<div class=\"antwort\"><em><em><strong>Yvonne Jonen &#8211;<\/strong><br>Den einzelnen und seine M\u00f6glichkeiten im Kontext zu sehen, fasziniert mich.<\/em><\/em><\/div>\n<hr>\n<blockquote><p>Institutsleitung und Weiterbildungsleitung<\/p><\/blockquote>\n<div class=\"frageantwort\">\n<figure><a href=\"https:\/\/www.i-f-b.org\/wp-content\/uploads\/2023\/03\/M4_8892sw-1.jpg\"><img loading=\"lazy\" decoding=\"async\" class=\"alignnone  wp-image-818\" src=\"https:\/\/www.i-f-b.org\/wp-content\/uploads\/2023\/03\/M4_8892sw-1-1024x1024.jpg\" alt=\"_M4_8892sw-1\" width=\"325\" height=\"325\" srcset=\"https:\/\/www.i-f-b.org\/wp-content\/uploads\/2023\/03\/M4_8892sw-1-1024x1024.jpg 1024w, https:\/\/www.i-f-b.org\/wp-content\/uploads\/2023\/03\/M4_8892sw-1-150x150.jpg 150w, https:\/\/www.i-f-b.org\/wp-content\/uploads\/2023\/03\/M4_8892sw-1-300x300.jpg 300w\" sizes=\"auto, (max-width: 325px) 100vw, 325px\" \/><\/a><\/figure><div class=\"frage\"><\/div>\n<div class=\"antwort\"><strong><em>Thorsten Hirsch &#8211;<\/em><\/strong><br><em> Meine Leidenschaft ist es \u201eHandwerker der beruflichen Inklusion\u201c zu sein.<\/em><\/div>\n<\/div>\n<hr>\n<blockquote><p>Jobcoach<\/p><\/blockquote>\n<div class=\"frageantwort\">\n<figure><a href=\"https:\/\/www.i-f-b.org\/wp-content\/uploads\/2016\/09\/Dirk-Schmidt.jpg\"><img loading=\"lazy\" decoding=\"async\" class=\"alignnone wp-image-393 \" src=\"https:\/\/www.i-f-b.org\/wp-content\/uploads\/2016\/09\/Dirk-Schmidt.jpg\" alt=\"\" width=\"325\" height=\"325\" srcset=\"https:\/\/www.i-f-b.org\/wp-content\/uploads\/2016\/09\/Dirk-Schmidt.jpg 324w, https:\/\/www.i-f-b.org\/wp-content\/uploads\/2016\/09\/Dirk-Schmidt-150x150.jpg 150w, https:\/\/www.i-f-b.org\/wp-content\/uploads\/2016\/09\/Dirk-Schmidt-300x300.jpg 300w\" sizes=\"auto, (max-width: 325px) 100vw, 325px\" \/><\/a><\/figure><div class=\"frage\"><\/div>\n<div class=\"antwort\"><em><strong>Dirk Schmidt &#8211;<\/strong><br>Mich reizt es, gemeinsam Herausforderungen zu meistern und Wege in Arbeit kreativ zu begleiten.<\/em><\/div>\n<\/div>\n<hr>\n<blockquote><p>Jobcoach<\/p><\/blockquote>\n<div class=\"frageantwort\">\n<figure><a href=\"https:\/\/www.i-f-b.org\/wp-content\/uploads\/2022\/08\/34_Quadr.jpg\"><img loading=\"lazy\" decoding=\"async\" class=\"alignnone  wp-image-760\" src=\"https:\/\/www.i-f-b.org\/wp-content\/uploads\/2022\/08\/34_Quadr-1024x1024.jpg\" alt=\"34_Quadr\" width=\"325\" height=\"325\" srcset=\"https:\/\/www.i-f-b.org\/wp-content\/uploads\/2022\/08\/34_Quadr-1024x1024.jpg 1024w, https:\/\/www.i-f-b.org\/wp-content\/uploads\/2022\/08\/34_Quadr-150x150.jpg 150w, https:\/\/www.i-f-b.org\/wp-content\/uploads\/2022\/08\/34_Quadr-300x300.jpg 300w\" sizes=\"auto, (max-width: 325px) 100vw, 325px\" \/><\/a><\/figure><div class=\"frage\"><\/div>\n<div class=\"antwort\"><em style=\"font-weight: 400;\"><span style=\"color: #800000;\"><strong>Sabrina K\u00fcppers &#8211;<\/strong><\/span><\/em><br><em>Individuelle und betriebliche Lernprozesse ergebnisorientiert gestalten, das begeistert mich an meiner t\u00e4glichen Arbeit.&nbsp;<\/em><\/div>\n<\/div>\n<hr>\n<blockquote><p>Jobcoach<\/p><\/blockquote>\n<div class=\"frageantwort\">\n<figure><a href=\"https:\/\/www.i-f-b.org\/wp-content\/uploads\/2025\/07\/Leonie_Ter_Haar_JS25-0162_SW_2000px.jpg\"><img loading=\"lazy\" decoding=\"async\" class=\"alignnone wp-image-393 \" src=\"https:\/\/www.i-f-b.org\/wp-content\/uploads\/2025\/07\/Leonie_Ter_Haar_JS25-0162_SW_2000px.jpg\" alt=\"\" width=\"325\" height=\"325\"><\/a><\/figure><div class=\"frage\"><\/div>\n<div class=\"antwort\"><em><strong>Leonie Ter Haar &#8211;<\/strong><br>Menschen kreativ und empathisch auf ihrem beruflichen Lebensweg zu begleiten begeistert mich.<\/em><\/div>\n<\/div>\n<hr>\n<blockquote><p>Jobcoach<\/p><\/blockquote>\n<div class=\"frageantwort\">\n<figure><a href=\"https:\/\/www.i-f-b.org\/wp-content\/uploads\/2023\/12\/MFF_2674SW_Q.jpg\"><img loading=\"lazy\" decoding=\"async\" class=\"alignnone  wp-image-827\" src=\"https:\/\/www.i-f-b.org\/wp-content\/uploads\/2023\/12\/MFF_2674SW_Q-1024x1024.jpg\" alt=\"MFF_2674SW_Q\" width=\"325\" height=\"325\" srcset=\"https:\/\/www.i-f-b.org\/wp-content\/uploads\/2023\/12\/MFF_2674SW_Q-1024x1024.jpg 1024w, https:\/\/www.i-f-b.org\/wp-content\/uploads\/2023\/12\/MFF_2674SW_Q-150x150.jpg 150w, https:\/\/www.i-f-b.org\/wp-content\/uploads\/2023\/12\/MFF_2674SW_Q-300x300.jpg 300w\" sizes=\"auto, (max-width: 325px) 100vw, 325px\" \/><\/a><\/figure><div class=\"frage\"><\/div>\n<div class=\"antwort\"><em><strong>Lena Jost &#8211;<\/strong><br><em>Mich motiviert es Menschen auf den Weg in eine f\u00fcr sie sinnorientierte Arbeit zu bringen, die in Passung mit ihrer&nbsp;Pers\u00f6nlichkeit ist.<\/em><br><\/em><\/div>\n<\/div>\n<hr>\n<blockquote><p>Jobcoach<\/p><\/blockquote>\n<div class=\"frageantwort\">\n<figure><a href=\"https:\/\/www.i-f-b.org\/wp-content\/uploads\/2025\/06\/Platzhalter-Mann.jpg\"><img loading=\"lazy\" decoding=\"async\" class=\"alignnone wp-image-393 \" src=\"https:\/\/www.i-f-b.org\/wp-content\/uploads\/2025\/06\/Platzhalter-Mann.jpg\" alt=\"\" width=\"325\" height=\"325\"><\/a><\/figure><div class=\"frage\"><\/div>\n<div class=\"antwort\"><em><strong>Niklas Pieper &#8211;<\/strong><br>Im wertsch\u00e4tzenden Dialog St\u00e4rken und F\u00e4higkeiten erfassen und kreativ und unkonventionell berufliche Ver\u00e4nderungen miteinander realisieren.<\/em><\/div>\n<\/div>\n<hr>\n<blockquote><p>Jobcoach<\/p><\/blockquote>\n<div class=\"frageantwort\">\n<figure><a href=\"https:\/\/www.i-f-b.org\/wp-content\/uploads\/2025\/07\/JS-50A9333-scaled.jpg\"><img loading=\"lazy\" decoding=\"async\" class=\"alignnone wp-image-393 \" src=\"https:\/\/www.i-f-b.org\/wp-content\/uploads\/2025\/07\/JS-50A9333-scaled.jpg\" alt=\"\" width=\"325\" height=\"325\"><\/a><\/figure><div class=\"frage\"><\/div>\n<div class=\"antwort\"><em><strong>Kathrina L\u00f6bel &#8211;<\/strong><br>Mich fasziniert es im Dialog mit Menschen ein Ziel ins Auge zu fassen und gemeinsam auf Augenh\u00f6he zu erarbeiten.<\/em><\/div>\n<\/div>\n<hr>\n<blockquote><p>Jobcoach<\/p><\/blockquote>\n<div class=\"frageantwort\">\n<figure><a href=\"https:\/\/www.i-f-b.org\/wp-content\/uploads\/2025\/11\/Beuchert.jpg\"><img loading=\"lazy\" decoding=\"async\" class=\"alignnone wp-image-393 \" src=\"https:\/\/www.i-f-b.org\/wp-content\/uploads\/2025\/11\/Beuchert.jpg\" alt=\"\" width=\"325\" height=\"325\"><\/a><\/figure><div class=\"frage\"><\/div>\n<div class=\"antwort\"><em><strong>Silvia Beuchert &#8211;<\/strong><br>Mich motiviert, Potenziale zu erkennen, gemeinsam sichtbar zu machen und individuelle Prozesse so zu gestalten, dass echte Perspektiven entstehen.<\/em><\/div>\n<\/div>\n<hr>\n<blockquote><p>Jobcoach<\/p><\/blockquote>\n<div class=\"frageantwort\">\n<figure><a href=\"https:\/\/www.i-f-b.org\/wp-content\/uploads\/2026\/04\/Niedernolte-scaled.jpg\"><img loading=\"lazy\" decoding=\"async\" class=\"alignnone size-full wp-image-601\" src=\"https:\/\/www.i-f-b.org\/wp-content\/uploads\/2026\/04\/Niedernolte-scaled.jpg\" alt=\"Niedernolte\" width=\"325\" height=\"325\"><\/a><\/figure><div class=\"frage\"><\/div>\n<div class=\"antwort\"><em><strong>Christoph Niedernolte &#8211;<\/strong><br>Unkonventionell gestalten &#8211; auf Augenh\u00f6he &#8211; gemeinsam. &#8211; Das motiviert meine Arbeit!<br><\/em><\/div>\n<\/div>\n<hr>\n<blockquote><p>Jobcoach<\/p><\/blockquote>\n<div class=\"frageantwort\">\n<figure><a href=\"https:\/\/www.i-f-b.org\/wp-content\/uploads\/2019\/10\/Struhkamp.png\"><img loading=\"lazy\" decoding=\"async\" class=\"alignnone size-full wp-image-601\" src=\"https:\/\/www.i-f-b.org\/wp-content\/uploads\/2019\/10\/Struhkamp.png\" alt=\"Struhkamp\" width=\"325\" height=\"325\" srcset=\"https:\/\/www.i-f-b.org\/wp-content\/uploads\/2019\/10\/Struhkamp.png 324w, https:\/\/www.i-f-b.org\/wp-content\/uploads\/2019\/10\/Struhkamp-150x150.png 150w, https:\/\/www.i-f-b.org\/wp-content\/uploads\/2019\/10\/Struhkamp-300x300.png 300w\" sizes=\"auto, (max-width: 325px) 100vw, 325px\" \/><\/a><\/figure><div class=\"frage\"><\/div>\n<div class=\"antwort\"><em><strong>Valeria Struhkamp &#8211;<\/strong><br>Prozesse auch mal unkonventionell, aber immer auf Augenh\u00f6he zu gestalten motiviert mich!<br><\/em><\/div>\n<\/div>\n<hr>\n<div class=\"frageantwort\">\n<blockquote><p>Verwaltung<\/p><\/blockquote>\n<div class=\"frageantwort\">\n<figure><a href=\"https:\/\/www.i-f-b.org\/wp-content\/uploads\/2021\/04\/M4_4035sw1x1.jpg\"><img loading=\"lazy\" decoding=\"async\" class=\"alignnone  wp-image-679\" src=\"https:\/\/www.i-f-b.org\/wp-content\/uploads\/2021\/04\/M4_4035sw1x1-1024x1024.jpg\" alt=\"_M4_4035sw1x1\" width=\"325\" height=\"325\" srcset=\"https:\/\/www.i-f-b.org\/wp-content\/uploads\/2021\/04\/M4_4035sw1x1-1024x1024.jpg 1024w, https:\/\/www.i-f-b.org\/wp-content\/uploads\/2021\/04\/M4_4035sw1x1-150x150.jpg 150w, https:\/\/www.i-f-b.org\/wp-content\/uploads\/2021\/04\/M4_4035sw1x1-300x300.jpg 300w\" sizes=\"auto, (max-width: 325px) 100vw, 325px\" \/><\/a><\/figure><div class=\"frage\"><strong><\/strong><\/div>\n<div class=\"antwort\"><strong><em>Franziska Greschik &#8211;<\/em><\/strong><br><em>Mit Freude am Organisieren und Strukturieren sorge ich f\u00fcr alle Abl\u00e4ufe in unserer Verwaltung!<\/em><\/div>\n","protected":false},"excerpt":{"rendered":"<p>Unser Team zeichnet sich durch vielf\u00e4ltige Kompetenzen aus unterschiedlichen Berufsfeldern aus: Ergotherapie, P\u00e4dagogik, Handwerk, Psychologie, Beratung, Betriebswirtschaft, Verwaltung, Personalentwicklung u.a. Unsere Arbeit ist von einer systemischen Grundhaltung gepr\u00e4gt. Als Fachkr\u00e4fte erg\u00e4nzen wir uns gegenseitig. Mit unserer langj\u00e4hrigen Erfahrung arbeiten wir &hellip; <a href=\"https:\/\/www.i-f-b.org\/?page_id=12\">Continue reading <span class=\"meta-nav\">&rarr;<\/span><\/a><\/p>\n","protected":false},"author":1,"featured_media":0,"parent":0,"menu_order":5,"comment_status":"closed","ping_status":"closed","template":"","meta":{"footnotes":""},"class_list":["post-12","page","type-page","status-publish","hentry"],"_links":{"self":[{"href":"https:\/\/www.i-f-b.org\/index.php?rest_route=\/wp\/v2\/pages\/12","targetHints":{"allow":["GET"]}}],"collection":[{"href":"https:\/\/www.i-f-b.org\/index.php?rest_route=\/wp\/v2\/pages"}],"about":[{"href":"https:\/\/www.i-f-b.org\/index.php?rest_route=\/wp\/v2\/types\/page"}],"author":[{"embeddable":true,"href":"https:\/\/www.i-f-b.org\/index.php?rest_route=\/wp\/v2\/users\/1"}],"replies":[{"embeddable":true,"href":"https:\/\/www.i-f-b.org\/index.php?rest_route=%2Fwp%2Fv2%2Fcomments&post=12"}],"version-history":[{"count":318,"href":"https:\/\/www.i-f-b.org\/index.php?rest_route=\/wp\/v2\/pages\/12\/revisions"}],"predecessor-version":[{"id":948,"href":"https:\/\/www.i-f-b.org\/index.php?rest_route=\/wp\/v2\/pages\/12\/revisions\/948"}],"wp:attachment":[{"href":"https:\/\/www.i-f-b.org\/index.php?rest_route=%2Fwp%2Fv2%2Fmedia&parent=12"}],"curies":[{"name":"wp","href":"https:\/\/api.w.org\/{rel}","templated":true}]}}