{"id":21,"date":"2014-06-13T18:46:25","date_gmt":"2014-06-13T16:46:25","guid":{"rendered":"http:\/\/www.i-f-b.org\/?page_id=21"},"modified":"2025-07-03T12:47:42","modified_gmt":"2025-07-03T10:47:42","slug":"fallbeispiele","status":"publish","type":"page","link":"https:\/\/www.i-f-b.org\/?page_id=21","title":{"rendered":"Stellenangebote"},"content":{"rendered":"<p>Wir sind ein \u00fcberregional t\u00e4tiges Institut und entwickeln f\u00fcr Menschen mit unterschiedlichen Gesundheitsproblemen oder Behinderungen und deren Arbeitgebern passgenaue Dienstleistungs- und Qualifizierungsangebote.<\/p>\n<p>Sie haben k\u00fcrzlich ihr Studium, Ihre Ausbildung oder eine Weiterbildung abgeschlossen und m\u00f6chten nun als Jobcoach beruflich durchstarten? Sie sind ein Professional mit mehrj\u00e4hriger Berufserfahrung und vielseitigen Kenntnissen und haben Interesse zuk\u00fcnftig als Jobcoach am Arbeitsplatz sich zu engagieren?<\/p>\n<p>So oder so, wir w\u00fcrden Sie gerne kennenlernen und freuen uns auf Ihre Kontaktaufnahme: info@i-f-b.org Yvonne Jonen: 0177 46 23 293 oder Thorsten Hirsch 0163 87 045 99.<\/p>\n<p>&nbsp;<\/p>\n<hr \/>\n<h4><a href=\"https:\/\/www.i-f-b.org\/wp-content\/uploads\/2014\/06\/mitarbeiter1.png\"><img loading=\"lazy\" decoding=\"async\" class=\"alignnone size-full wp-image-118\" src=\"https:\/\/www.i-f-b.org\/wp-content\/uploads\/2014\/06\/mitarbeiter1.png\" alt=\"mitarbeiter\" width=\"28\" height=\"28\" \/><\/a>\u00a0 \u00a0<span style=\"color: #800000;\"> Jobcoaches (m\/w)<\/span><\/h4>\n<p style=\"color: #666666;\"><span style=\"color: #000000;\">in Voll- oder Teilzeit im M\u00fcnsterland oder im Rheinland\/ Raum K\u00f6ln-D\u00fcsseldorf. Als Jobcoaches\u00a0<\/span><span style=\"color: #000000;\">sind wir im Au\u00dfendienst f\u00fcr unsere\u00a0Klient*innen und deren Arbeitgeber auf dem allgemeinen\u00a0<\/span><span style=\"color: #000000;\">Arbeitsmarkt in vielf\u00e4ltiger Weise t\u00e4tig.<\/span><\/p>\n<p style=\"color: #666666;\"><span style=\"color: #000000;\">Jobcoaching ist die methodisch fundierte Unterst\u00fctzung der betrieblichen Inklusion eines Menschen\u00a0<\/span><span style=\"color: #000000;\">mit Behinderung an seinem Praktikums- oder Arbeitsplatz durch F\u00f6rderung der hierf\u00fcr notwendigen\u00a0<\/span><span style=\"color: #000000;\">individuellen und betrieblichen Lernprozesse. Wir bef\u00e4higen, unterst\u00fctzen und begleiten dabei\u00a0<\/span><span style=\"color: #000000;\">Menschen mit psychischen, neurologischen, geistigen Behinderungen, Lernbehinderungen,\u00a0<\/span><span style=\"color: #000000;\">Autismusspektrumst\u00f6rungen, Sinnesbehinderungen oder verschiedenen Gesundheitsproblemen an\u00a0<\/span><span style=\"color: #000000;\">ihren betrieblichen Arbeitspl\u00e4tzen. Ziel ist immer die Teilhabe am Arbeitsleben durch eine f\u00fcr alle\u00a0<\/span><span style=\"color: #000000;\">Seiten ad\u00e4quate Inklusionsl\u00f6sung am Arbeitsplatz.<\/span><\/p>\n<h4 style=\"color: #666666;\"><span style=\"color: #000000;\">Ihr Profil:<\/span><\/h4>\n<p style=\"color: #666666;\"><span style=\"color: #000000;\">Ergotherapeutin \/ Ergotherapeut mit Bachelorabschluss oder vergleichbare Qualifikation<\/span><\/p>\n<ul>\n<li>Selbst\u00e4ndiges und eigenverantwortliches Arbeiten liegt Ihnen<\/li>\n<li>Interesse und Spa\u00df an der Arbeit in und der Kommunikation mit verschiedenen Unternehmen<\/li>\n<li>Leidenschaft f\u00fcr die Erarbeitung von (beruflichen) Integrationsl\u00f6sungen<\/li>\n<li>Bereitschaft und Spa\u00df am fachlichen und pers\u00f6nlichen Lernen<\/li>\n<li>Engagement, N\u00e4chstenliebe und Idealismus f\u00fcr die Arbeit mit Menschen<\/li>\n<li>PC-, Internet und Softwarekenntnisse (insb. Microsoft-Office-Produkte)<\/li>\n<li>PKW-F\u00fchrerschein<\/li>\n<\/ul>\n<h4>Wir bieten:<\/h4>\n<ul>\n<li>Eine Voll- oder Teilzeitstelle ohne Befristung<\/li>\n<li>Eine intensive und fachlich fundierte Einarbeitung in das Aufgabenfeld<\/li>\n<li>Regelm\u00e4\u00dfige fachliche Supervision der Arbeit und regelm\u00e4\u00dfige interkollegiale Teambesprechungen<\/li>\n<li>\u00dcbernahme von Fortbildungskosten<\/li>\n<li>Regelm\u00e4\u00dfige Fachtage<\/li>\n<li>Flexible Arbeitszeiten \/ Jahresarbeitszeitkonto<\/li>\n<li>Ein interessantes und sich dynamisch entwickelndes Aufgabenfeld der\u00a0beruflichen Teilhabe<\/li>\n<li>Ein junges, kollegiales Team mit einem sehr angenehmen Arbeitsklima<\/li>\n<li>Eine T\u00e4tigkeit im Au\u00dfendienst (ggf. von Ihrem Wohnort aus m\u00f6glich)<\/li>\n<li>Eine Ihrer Qualifikation und Berufserfahrung angemessene Verg\u00fctung<\/li>\n<\/ul>\n<p style=\"color: #666666;\"><span style=\"color: #000000;\">Wir freuen uns \u00fcber Ihre postalische Bewerbung an:<\/span><\/p>\n<p><span style=\"color: #000000;\"><strong>IFB \u2013 Institut f\u00fcr berufliche Qualifizierung und Entwicklung<\/strong><br \/>\n<\/span><span style=\"color: #000000;\">Coubertin-Str. 1,<br \/>\n48301 Nottuln<\/span><\/p>\n<p><span style=\"color: #000000;\"><span style=\"text-decoration: underline; color: #800000;\">info<a href=\"mailto:info@i-f-b.org\"><span style=\"color: #800000; text-decoration: underline;\">@i-f-b.org<\/span><\/a><\/span><\/span><\/p>\n<p><span style=\"color: #000000;\">F\u00fcr Fragen stehen Ihnen gerne<br \/>\n&#8211;\u00a0Herr Thorsten Hirsch (<span style=\"text-decoration: underline;\"><span style=\"color: #993300; text-decoration: underline;\"><a href=\"mailto:hirsch@i-f-b.org\"><span style=\"color: #993300; text-decoration: underline;\">hirsch@i-f-b.org<\/span><\/a> <\/span><\/span>\/ <strong>0163-8704599<\/strong>) oder<br \/>\n&#8211;\u00a0<\/span><span style=\"color: #000000;\">Frau Yvonne Jonen (<span style=\"text-decoration: underline;\"><span style=\"color: #993300;\"><a href=\"mailto:jonen@i-f-b.org\"><span style=\"color: #993300; text-decoration: underline;\">jonen@i-f-b.org<\/span><\/a><\/span><\/span> \/ <strong>0177-4623293<\/strong>) telefonisch zur Verf\u00fcgung.<br \/>\n<\/span><\/p>\n<hr \/>\n<h4 style=\"color: #666666;\"><\/h4>\n<h4><a href=\"https:\/\/www.i-f-b.org\/wp-content\/uploads\/2014\/06\/mitarbeiter1.png\"><img loading=\"lazy\" decoding=\"async\" class=\"alignnone size-full wp-image-118\" src=\"https:\/\/www.i-f-b.org\/wp-content\/uploads\/2014\/06\/mitarbeiter1.png\" alt=\"mitarbeiter\" width=\"28\" height=\"28\" \/><\/a>\u00a0 \u00a0\u00a0<span style=\"color: #800000;\">Studenten \/\u00a0<strong>Praktikanten (m\/w)<\/strong><\/span><\/h4>\n<h4 style=\"color: #666666;\"><\/h4>\n<p style=\"color: #666666;\"><span style=\"color: #000000;\">im Rahmen ergotherapeutischer Ausbildungs- oder Studieng\u00e4nge, sowie heil- oder sonderp\u00e4dagogischer Studieng\u00e4nge bzw. gerne auch anderer interessierter Fachrichtungen.<\/span><\/p>\n<h4 style=\"color: #666666;\"><span style=\"color: #000000;\">Ihr Profil:<\/span><\/h4>\n<p style=\"color: #666666;\"><span style=\"color: #000000;\">Auszubildende\/r oder Student\/in<\/span><\/p>\n<ul>\n<li><span style=\"color: #000000;\">Selbst\u00e4ndiges und eigenverantwortliches Arbeiten liegt Ihnen<\/span><\/li>\n<li><span style=\"color: #000000;\">Interesse und Spa\u00df an der Arbeit in und der Kommunikation mit verschiedenen Unternehmen<\/span><\/li>\n<li><span style=\"color: #000000;\">Leidenschaft f\u00fcr die Erarbeitung von (beruflichen) Integrationsl\u00f6sungen<\/span><\/li>\n<li><span style=\"color: #000000;\">Bereitschaft und Spa\u00df am fachlichen und pers\u00f6nlichen Lernen<\/span><\/li>\n<li><span style=\"color: #000000;\">Engagement, N\u00e4chstenliebe und Idealismus f\u00fcr die Arbeit mit Menschen<\/span><\/li>\n<li><span style=\"color: #000000;\">PC-, Internet und Softwarekenntnisse (insb. Microsoft-Office-Produkte)<\/span><\/li>\n<li><span style=\"color: #000000;\">PKW-F\u00fchrerschein w\u00fcnschenswert<\/span><\/li>\n<\/ul>\n<h4><span style=\"color: #000000;\">Wir bieten:<\/span><\/h4>\n<ul>\n<li><span style=\"color: #000000;\">Eine intensive und fachlich fundierte Einarbeitung in unser Aufgabenfeld<\/span><\/li>\n<li><span style=\"color: #000000;\">Regelm\u00e4\u00dfige fachliche Supervision der Arbeit und regelm\u00e4\u00dfige interkollegiale Teambesprechungen<\/span><\/li>\n<li><span style=\"color: #000000;\">Regelm\u00e4\u00dfige Fachtage<\/span><\/li>\n<li><span style=\"color: #000000;\">Flexible Arbeitszeiten<\/span><\/li>\n<li><span style=\"color: #000000;\">Ein interessantes und sich dynamisch entwickelndes Aufgabenfeld<\/span><\/li>\n<li><span style=\"color: #000000;\">Ein junges, kollegiales Team mit einem sehr angenehmen Arbeitsklima<\/span><\/li>\n<\/ul>\n<p style=\"color: #666666;\"><span style=\"color: #000000;\">Wir freuen uns \u00fcber Ihre postalische Bewerbung an:<\/span><\/p>\n<p><span style=\"color: #000000;\"><strong>IFB \u2013 Institut f\u00fcr berufliche Qualifizierung und Entwicklung<\/strong><br \/>\n<\/span><span style=\"color: #000000;\">Coubertin-Str. 1,<br \/>\n48301 Nottuln<\/span><\/p>\n<p><span style=\"color: #000000;\"><span style=\"text-decoration: underline; color: #800000;\"><a href=\"mailto:info@i-f-b.org\"><span style=\"color: #800000; text-decoration: underline;\">info@i-f-b.org<\/span><\/a><\/span><\/span><\/p>\n<p><span style=\"color: #000000;\">F\u00fcr Fragen stehen Ihnen gerne<br \/>\n&#8211;\u00a0Herr Thorsten Hirsch (<span style=\"color: #993300; text-decoration: underline;\"><a href=\"mailto:hirsch@i-f-b.org\"><span style=\"color: #993300; text-decoration: underline;\">hirsch@i-f-b.org<\/span><\/a>\u00a0<\/span>\/\u00a0<strong>0163-8704599<\/strong>) oder<br \/>\n&#8211;\u00a0<\/span><span style=\"color: #000000;\">Frau Yvonne Jonen (<span style=\"color: #993300;\"><a href=\"mailto:jonen@i-f-b.org\"><span style=\"color: #993300; text-decoration: underline;\">jonen@i-f-b.org<\/span><\/a><\/span>\u00a0\/\u00a0<strong>0177-4623293<\/strong>) telefonisch zur Verf\u00fcgung.<br \/>\n<\/span><\/p>\n","protected":false},"excerpt":{"rendered":"<p>Wir sind ein \u00fcberregional t\u00e4tiges Institut und entwickeln f\u00fcr Menschen mit unterschiedlichen Gesundheitsproblemen oder Behinderungen und deren Arbeitgebern passgenaue Dienstleistungs- und Qualifizierungsangebote. Sie haben k\u00fcrzlich ihr Studium, Ihre Ausbildung oder eine Weiterbildung abgeschlossen und m\u00f6chten nun als Jobcoach beruflich durchstarten? &hellip; <a href=\"https:\/\/www.i-f-b.org\/?page_id=21\">Continue reading <span class=\"meta-nav\">&rarr;<\/span><\/a><\/p>\n","protected":false},"author":1,"featured_media":0,"parent":0,"menu_order":6,"comment_status":"closed","ping_status":"closed","template":"","meta":{"footnotes":""},"class_list":["post-21","page","type-page","status-publish","hentry"],"_links":{"self":[{"href":"https:\/\/www.i-f-b.org\/index.php?rest_route=\/wp\/v2\/pages\/21","targetHints":{"allow":["GET"]}}],"collection":[{"href":"https:\/\/www.i-f-b.org\/index.php?rest_route=\/wp\/v2\/pages"}],"about":[{"href":"https:\/\/www.i-f-b.org\/index.php?rest_route=\/wp\/v2\/types\/page"}],"author":[{"embeddable":true,"href":"https:\/\/www.i-f-b.org\/index.php?rest_route=\/wp\/v2\/users\/1"}],"replies":[{"embeddable":true,"href":"https:\/\/www.i-f-b.org\/index.php?rest_route=%2Fwp%2Fv2%2Fcomments&post=21"}],"version-history":[{"count":47,"href":"https:\/\/www.i-f-b.org\/index.php?rest_route=\/wp\/v2\/pages\/21\/revisions"}],"predecessor-version":[{"id":916,"href":"https:\/\/www.i-f-b.org\/index.php?rest_route=\/wp\/v2\/pages\/21\/revisions\/916"}],"wp:attachment":[{"href":"https:\/\/www.i-f-b.org\/index.php?rest_route=%2Fwp%2Fv2%2Fmedia&parent=21"}],"curies":[{"name":"wp","href":"https:\/\/api.w.org\/{rel}","templated":true}]}}