{"id":36,"date":"2014-06-19T11:54:05","date_gmt":"2014-06-19T09:54:05","guid":{"rendered":"http:\/\/www.i-f-b.org\/?page_id=36"},"modified":"2021-01-13T18:09:17","modified_gmt":"2021-01-13T16:09:17","slug":"regionen","status":"publish","type":"page","link":"https:\/\/www.i-f-b.org\/?page_id=36","title":{"rendered":"Regionen"},"content":{"rendered":"<p>Wir kommen gerne zu Ihnen oder laden Sie herzlich zu einem Erstgespr\u00e4ch in unsere R\u00e4umlichkeiten ein.\u00a0Mitarbeiter*innen unseres Teams sind von verschiedenen Standorten \u00fcberregional t\u00e4tig. Rufen Sie uns gerne an oder schreiben Sie uns eine Mail, um ein regional passendes Angebot f\u00fcr Sie zu erhalten:<\/p>\n<p>Tel.: <strong>02502 949924<\/strong> oder E-Mail:\u00a0<a href=\"http:\/\/%20info@i-f- b.org\"><span style=\"text-decoration: underline; color: #800000;\">\u00a0info@i-f-b.org<\/span><\/a><\/p>\n<h4>B\u00fcro Nottuln:<\/h4>\n<p>Bus mit Liene S60 vom Bahnhof M\u00fcnster<\/p>\n<p>Bahnhof Nottuln-Appelh\u00fclsen<\/p>\n<p>Wir halten f\u00fcr Sie Stellpl\u00e4tze direkt vor dem Haus bereit.<\/p>\n<hr \/>\n<h4>\u00a0Geographie unserer Arbeitsorte:<\/h4>\n<p><img loading=\"lazy\" decoding=\"async\" class=\"alignright wp-image-474 size-full\" src=\"https:\/\/www.i-f-b.org\/wp-content\/uploads\/2016\/12\/Karte_Deutschland.png\" alt=\"Karte_Deutschland\" width=\"450\" height=\"612\" srcset=\"https:\/\/www.i-f-b.org\/wp-content\/uploads\/2016\/12\/Karte_Deutschland.png 450w, https:\/\/www.i-f-b.org\/wp-content\/uploads\/2016\/12\/Karte_Deutschland-220x300.png 220w\" sizes=\"auto, (max-width: 450px) 100vw, 450px\" \/><\/p>\n<p>Aachen, Achim, Aurich, M\u00fcnster, Cloppenburg, Norderney, Berlin, Hannover, Celle, Paderborn, Soest, Dortmund, Warendorf, G\u00fctersloh, Gronau, Lippstadt, Gelsenkirchen, Essen, Bochum, Marl, Haltern am See, Cloppenburg, Bocholt, Coesfeld, D\u00fclmen, Nottuln, M\u00fcnster, Borken, Vreden, Ochtrup, Unna, Hamm, L\u00fcdenscheid, Hagen, K\u00f6ln, Erftstadt, Bergheim, Rommerskirchen, Stralsund, L\u00f6rrach, Bremen, Oldenburg, Nordenham, Frankfurt am Main, Gummersbach, Grafschaft (s\u00fcdlich Bonn), Pulheim, Brake (Unterweser), Bonn, Langeoog, Koblenz, Herford, Bielefeld, Melle, Osnabr\u00fcck, Georgsmarienh\u00fctte, Ibbenb\u00fcren, Rheine, Hamburg, Schnerverdingen, Buchholz in der Heide, Minden, Cuxhaven, D\u00fcren, Ahlen, Enger, Porta Westfalica, Bad Oeynhausen, Frankfurt\/Main, Lotte, Meppen, Papenburg, B\u00fcnde<\/p>\n<p>&nbsp;<\/p>\n<h4><\/h4>\n","protected":false},"excerpt":{"rendered":"<p>Wir kommen gerne zu Ihnen oder laden Sie herzlich zu einem Erstgespr\u00e4ch in unsere R\u00e4umlichkeiten ein.\u00a0Mitarbeiter*innen unseres Teams sind von verschiedenen Standorten \u00fcberregional t\u00e4tig. Rufen Sie uns gerne an oder schreiben Sie uns eine Mail, um ein regional passendes Angebot &hellip; <a href=\"https:\/\/www.i-f-b.org\/?page_id=36\">Continue reading <span class=\"meta-nav\">&rarr;<\/span><\/a><\/p>\n","protected":false},"author":1,"featured_media":0,"parent":0,"menu_order":8,"comment_status":"closed","ping_status":"closed","template":"","meta":{"footnotes":""},"class_list":["post-36","page","type-page","status-publish","hentry"],"_links":{"self":[{"href":"https:\/\/www.i-f-b.org\/index.php?rest_route=\/wp\/v2\/pages\/36","targetHints":{"allow":["GET"]}}],"collection":[{"href":"https:\/\/www.i-f-b.org\/index.php?rest_route=\/wp\/v2\/pages"}],"about":[{"href":"https:\/\/www.i-f-b.org\/index.php?rest_route=\/wp\/v2\/types\/page"}],"author":[{"embeddable":true,"href":"https:\/\/www.i-f-b.org\/index.php?rest_route=\/wp\/v2\/users\/1"}],"replies":[{"embeddable":true,"href":"https:\/\/www.i-f-b.org\/index.php?rest_route=%2Fwp%2Fv2%2Fcomments&post=36"}],"version-history":[{"count":35,"href":"https:\/\/www.i-f-b.org\/index.php?rest_route=\/wp\/v2\/pages\/36\/revisions"}],"predecessor-version":[{"id":661,"href":"https:\/\/www.i-f-b.org\/index.php?rest_route=\/wp\/v2\/pages\/36\/revisions\/661"}],"wp:attachment":[{"href":"https:\/\/www.i-f-b.org\/index.php?rest_route=%2Fwp%2Fv2%2Fmedia&parent=36"}],"curies":[{"name":"wp","href":"https:\/\/api.w.org\/{rel}","templated":true}]}}