{"id":42,"date":"2014-06-19T11:56:16","date_gmt":"2014-06-19T09:56:16","guid":{"rendered":"http:\/\/www.i-f-b.org\/?page_id=42"},"modified":"2021-04-15T16:55:58","modified_gmt":"2021-04-15T14:55:58","slug":"impressum","status":"publish","type":"page","link":"https:\/\/www.i-f-b.org\/?page_id=42","title":{"rendered":"Impressum"},"content":{"rendered":"<p>IFB Institut f\u00fcr berufliche Qualifizierung und Entwicklung<\/p>\n<h4>Vertretungsberechtigte Gesellschafter:<\/h4>\n<p>Yvonne Jonen<br \/>\nThorsten Hirsch<\/p>\n<p>Coubertin-Stra\u00dfe 1,<br \/>\n48301 Nottuln<\/p>\n<p>Tel: 0 25 02 94 99-24<br \/>\nFax: 0 25 02 94 99-22<\/p>\n<p><span style=\"text-decoration: underline; color: #800000;\"><a href=\"mailto:info@i-f-b.org\"><span style=\"text-decoration: underline; color: #800000;\">info@i-f- b.org<\/span><\/a><\/span><br \/>\n<span style=\"text-decoration: underline; color: #800000;\"> <a href=\"https:\/\/www.i-f-b.org\"><span style=\"color: #800000; text-decoration: underline;\">www.i-f- b.org<\/span><\/a><\/span><\/p>\n<h4>Haftungshinweis:<\/h4>\n<p>Trotz sorgf\u00e4ltiger inhaltlicher Kontrolle \u00fcbernehmen wir keine Haftung f\u00fcr die Inhalte externer Links. F\u00fcr den Inhalt der verlinkten Seiten sind ausschlie\u00dflich deren Betreiber verantwortlich.<\/p>\n<h4><\/h4>\n","protected":false},"excerpt":{"rendered":"<p>IFB Institut f\u00fcr berufliche Qualifizierung und Entwicklung Vertretungsberechtigte Gesellschafter: Yvonne Jonen Thorsten Hirsch Coubertin-Stra\u00dfe 1, 48301 Nottuln Tel: 0 25 02 94 99-24 Fax: 0 25 02 94 99-22 info@i-f- b.org www.i-f- b.org Haftungshinweis: Trotz sorgf\u00e4ltiger inhaltlicher Kontrolle \u00fcbernehmen wir &hellip; <a href=\"https:\/\/www.i-f-b.org\/?page_id=42\">Continue reading <span class=\"meta-nav\">&rarr;<\/span><\/a><\/p>\n","protected":false},"author":1,"featured_media":0,"parent":0,"menu_order":10,"comment_status":"closed","ping_status":"closed","template":"","meta":{"footnotes":""},"class_list":["post-42","page","type-page","status-publish","hentry"],"_links":{"self":[{"href":"https:\/\/www.i-f-b.org\/index.php?rest_route=\/wp\/v2\/pages\/42","targetHints":{"allow":["GET"]}}],"collection":[{"href":"https:\/\/www.i-f-b.org\/index.php?rest_route=\/wp\/v2\/pages"}],"about":[{"href":"https:\/\/www.i-f-b.org\/index.php?rest_route=\/wp\/v2\/types\/page"}],"author":[{"embeddable":true,"href":"https:\/\/www.i-f-b.org\/index.php?rest_route=\/wp\/v2\/users\/1"}],"replies":[{"embeddable":true,"href":"https:\/\/www.i-f-b.org\/index.php?rest_route=%2Fwp%2Fv2%2Fcomments&post=42"}],"version-history":[{"count":12,"href":"https:\/\/www.i-f-b.org\/index.php?rest_route=\/wp\/v2\/pages\/42\/revisions"}],"predecessor-version":[{"id":689,"href":"https:\/\/www.i-f-b.org\/index.php?rest_route=\/wp\/v2\/pages\/42\/revisions\/689"}],"wp:attachment":[{"href":"https:\/\/www.i-f-b.org\/index.php?rest_route=%2Fwp%2Fv2%2Fmedia&parent=42"}],"curies":[{"name":"wp","href":"https:\/\/api.w.org\/{rel}","templated":true}]}}