{"id":450,"date":"2016-11-10T23:46:18","date_gmt":"2016-11-10T21:46:18","guid":{"rendered":"http:\/\/www.i-f-b.org\/?page_id=450"},"modified":"2026-03-01T00:25:04","modified_gmt":"2026-02-28T22:25:04","slug":"das-ifb","status":"publish","type":"page","link":"https:\/\/www.i-f-b.org\/?page_id=450","title":{"rendered":"Das IFB"},"content":{"rendered":"<p><strong>Herzliche Willkommen beim IFB \u2013 Institut f\u00fcr berufliche Qualifizierung und Entwicklung!<\/strong><\/p>\n<p>Ein neuer Durchgang unserer Weiterbildung beginnt am 16.03.2026 und ist ausgebucht. &#8211; N\u00c4CHSTER DURCHGANG: Unsere Weiterbildung zum Jobcoach<sup>AP<\/sup> startet am 08.03.2027 in Frankfurt am Main und wird am 03.03.2028 abgeschlossen sein. Weitere Infos: <a href=\"https:\/\/www.i-f-b.org\/wp-content\/uploads\/2026\/03\/WB-Jobcoach-Hessen-2027-2028.pdf\">Weiterbildung 2027-2028<\/a>. Das IFB f\u00fchrt diese Weiterbildung in Kooperation mit dem LWV Hessen Integrationsamt durch. Anmeldungen sind ab sofort an weiterbildung@i-f-b.org m\u00f6glich. Bei Fragen dazu: 0163 8704599. Anmeldeschluss ist am 20.01.2027.<\/p>\n<p>&nbsp;<\/p>\n<blockquote><p><strong>Arbeit inklusiv<\/strong><\/p><\/blockquote>\n<p>Wir gestalten betriebliche Inklusionsl\u00f6sungen mit Ihnen! Dazu bef\u00e4higen, beraten, begleiten und qualifizieren wir Menschen durch die Gestaltung von Lern-, Entwicklungs- und Bewerbungsprozessen. Unser Engagement hat das Ziel, dass Menschen mit und ohne Gesundheitsproblemen oder Behinderungen am Arbeitsleben teilhaben k\u00f6nnen. Dazu bef\u00e4higen wir Menschen ihre individuelle berufliche Leistung am Arbeitsplatz zu erbringen und gestalten mit Betrieben passgenaue Rahmenbedingungen f\u00fcr den einzelnen Mitarbeiter.<\/p>\n<blockquote><p><strong>Einfache\u00a0UND spezielle Wege gestalten<\/strong><\/p><\/blockquote>\n<p>Wir gestalten alle Dienstleistungen f\u00fcr Sie individuell nach unserem Motto \u00bbso \u201eeinfach\u201c wie m\u00f6glich und so \u201espeziell\u201c wie f\u00fcr den Einzelfall erforderlich!\u00ab. Unsere Klient*innen sind Menschen, die einerseits Herausforderungen aufgrund neurologischer, psychischer oder geistiger Behinderungen haben, die unfallbedingt eine Behinderung erworben haben, von Berufskrankheiten, Lernbehinderungen, Sinnesbehinderungen, Autismusspektrumst\u00f6rungen oder mehrfachen Behinderungen betroffen sind. Und die sich andererseits in ihrer beruflichen Situation weiterentwickeln m\u00f6chten, sich unsicher sind was zuk\u00fcnftig f\u00fcr sie beruflich realistisch sein k\u00f6nnte oder die eine passende Unterst\u00fctzung f\u00fcr berufliche Herausforderungen und Neuorientierungen ben\u00f6tigen. Unsere Dienstleistungen passen wir inhaltlich sowie von der zeitlichen Dauer und Frequenz genau auf Ihre individuelle Situation an.<\/p>\n<blockquote><p><strong>Hochgradig individuelle Unterst\u00fctzungsleistungen<\/strong><\/p><\/blockquote>\n<p>Welche unserer Leistungen (siehe \u201eLeistungen\u201c) f\u00fcr Sie passend ist und wie Ziele, Inhalte und Umfang unserer Leistungen f\u00fcr Sie sinnvoll gestaltet werden k\u00f6nnen, kl\u00e4ren wir gerne mit Ihnen in einem f\u00fcr Sie als Klient*in kostenlosen 60-min\u00fctigen Erstgespr\u00e4ch.<br \/>\nKompetenzen unterschiedlicher Fachrichtungen, unsere langj\u00e4hrige Erfahrung und die Zeit f\u00fcr das pers\u00f6nliche Gespr\u00e4ch mit jedem Beteiligten sind neben dem \u201egesunden Menschenverstand\u201c Kernelemente unserer hochgradig individuellen Unterst\u00fctzungsleistungen.<\/p>\n<blockquote><p><strong>Gut vernetzt mit anderen Beteiligten<\/strong><\/p><\/blockquote>\n<p>Wir arbeiten eng vernetzt und \u00fcberregional mit Klient*innen, Arbeitgebern, Integrationsfachdiensten, \u00c4rzt*innen, Therapeut*innen, Leistungs- und Kostentr\u00e4gern, Rehabilitationsdiensten und weiteren Kooperationspartnern zusammen. Ihre Suche nach einem Ma\u00dfarbeitsplatz unterst\u00fctzen wir u.a. durch Kontakte innerhalb unseres \u00fcberregionalen Unternehmens- und Arbeitgebernetzwerkes. Unser Anliegen bei jeder Dienstleistung ist es partnerschaftlich mit allen Beteiligten kreative und ganz individuelle L\u00f6sungen zu realisieren.<br \/>\nUm Inklusion im Betrieb f\u00fcr Sie aktiv zu gestalten fokussieren wir uns auf die beteiligten Menschen und die Ressourcen und Bedarfe der jeweiligen Zusammenarbeit. Wer dabei involviert ist, entscheidet sich daran, was f\u00fcr die Gestaltung der betrieblichen Inklusionsl\u00f6sung zielf\u00fchrend ist.<\/p>\n<blockquote><p><strong>Direkt im Alltag<\/strong><\/p><\/blockquote>\n<p>Ver\u00e4nderungsprozesse setzen dort am sinnvollsten an, wo Ihr allt\u00e4gliches Leben und insbesondere das Arbeitsleben sich ereignet. Daher gestalten wir unsere Unterst\u00fctzung direkt im Lebens- und Arbeitsalltag unserer Klient*innen und an deren Arbeitsplatz. Dieses Kernelement unserer Dienstleistungen erm\u00f6glicht seit langer Zeit, z.B. im Jobcoaching <sup>AP<\/sup>, vielf\u00e4ltige Inklusionsl\u00f6sungen in unterschiedlichsten Betrieben des allgemeinen Arbeitsmarktes.<\/p>\n","protected":false},"excerpt":{"rendered":"<p>Herzliche Willkommen beim IFB \u2013 Institut f\u00fcr berufliche Qualifizierung und Entwicklung! Ein neuer Durchgang unserer Weiterbildung beginnt am 16.03.2026 und ist ausgebucht. &#8211; N\u00c4CHSTER DURCHGANG: Unsere Weiterbildung zum JobcoachAP startet am 08.03.2027 in Frankfurt am Main und wird am 03.03.2028 &hellip; <a href=\"https:\/\/www.i-f-b.org\/?page_id=450\">Continue reading <span class=\"meta-nav\">&rarr;<\/span><\/a><\/p>\n","protected":false},"author":2,"featured_media":0,"parent":0,"menu_order":1,"comment_status":"closed","ping_status":"closed","template":"","meta":{"footnotes":""},"class_list":["post-450","page","type-page","status-publish","hentry"],"_links":{"self":[{"href":"https:\/\/www.i-f-b.org\/index.php?rest_route=\/wp\/v2\/pages\/450","targetHints":{"allow":["GET"]}}],"collection":[{"href":"https:\/\/www.i-f-b.org\/index.php?rest_route=\/wp\/v2\/pages"}],"about":[{"href":"https:\/\/www.i-f-b.org\/index.php?rest_route=\/wp\/v2\/types\/page"}],"author":[{"embeddable":true,"href":"https:\/\/www.i-f-b.org\/index.php?rest_route=\/wp\/v2\/users\/2"}],"replies":[{"embeddable":true,"href":"https:\/\/www.i-f-b.org\/index.php?rest_route=%2Fwp%2Fv2%2Fcomments&post=450"}],"version-history":[{"count":28,"href":"https:\/\/www.i-f-b.org\/index.php?rest_route=\/wp\/v2\/pages\/450\/revisions"}],"predecessor-version":[{"id":938,"href":"https:\/\/www.i-f-b.org\/index.php?rest_route=\/wp\/v2\/pages\/450\/revisions\/938"}],"wp:attachment":[{"href":"https:\/\/www.i-f-b.org\/index.php?rest_route=%2Fwp%2Fv2%2Fmedia&parent=450"}],"curies":[{"name":"wp","href":"https:\/\/api.w.org\/{rel}","templated":true}]}}